{"id":20,"date":"2024-09-01T14:29:57","date_gmt":"2024-09-01T12:29:57","guid":{"rendered":"http:\/\/schamansidan.se\/?page_id=20"},"modified":"2024-10-12T16:46:49","modified_gmt":"2024-10-12T14:46:49","slug":"om-schamansidan","status":"publish","type":"page","link":"https:\/\/schamansidan.se\/?page_id=20","title":{"rendered":"Om Schamansidan"},"content":{"rendered":"\n<div style=\"height:23px\" aria-hidden=\"true\" class=\"wp-block-spacer\"><\/div>\n\n\n\n<p>Schamansidan har funnits sedan 2010 och startades f\u00f6r att ge en l\u00e4ttillg\u00e4nglig \u00f6verblick \u00f6ver de terapeuter och event som presenterats h\u00e4r genom \u00e5ren samt f\u00f6r att sprida kunskap om det vi g\u00f6r. P\u00e5 <strong><a href=\"https:\/\/schamansidan.se\/?page_id=25\">teraput-sidan<\/a> <\/strong>finns terapeuter\/schamaner som alla har utbildats i schamansk healing och energimedicin hos <a href=\"http:\/\/schamansidan.se\/?page_id=47\"><strong>Light Body School<\/strong><\/a> grundad av Alberto Villoldo och <a href=\"https:\/\/thefourwinds.com\/\" target=\"_blank\" rel=\"noreferrer noopener\"><strong>The Four Winds Society<\/strong><\/a>. Vi erbjuder \u00e4ven <strong><a href=\"https:\/\/schamansidan.se\/?page_id=147\">aktuella schamanska event<\/a> <\/strong>och <a href=\"https:\/\/schamansidan.se\/?page_id=91\"><strong>schamanskt hantverk<\/strong><\/a>.<\/p>\n\n\n\n<p>Vi hoppas att vi med en gemensam hemsida ska kunna bidra till st\u00f6rre spridning samt \u00f6kat intresse och f\u00f6rst\u00e5else f\u00f6r den schamanska visdomen och de m\u00e5ngtusen\u00e5riga schamanska verktygen vi arbetar med  som har s\u00e5 mycket att erbjuda m\u00e4nniskor i v\u00e5r moderna v\u00e4rld och f\u00f6r helandet av v\u00e5r Jord.<\/p>\n\n\n\n<p>Om du \u00e4r utbildad hos The Four Winds och vill finnas med p\u00e5 sidan, v\u00e4lkommen att <a href=\"https:\/\/schamansidan.se\/?page_id=25\">kontakta oss<\/a>!<\/p>\n\n\n\n<div style=\"height:39px\" aria-hidden=\"true\" class=\"wp-block-spacer\"><\/div>\n\n\n<div class=\"wp-block-image\">\n<figure class=\"aligncenter size-full\"><img loading=\"lazy\" decoding=\"async\" width=\"418\" height=\"131\" src=\"http:\/\/schamansidan.se\/wp-content\/uploads\/2024\/09\/schamansidan_logga.png\" alt=\"Schamansidan - Schamanska Healing och Energimedicin\" class=\"wp-image-11\" srcset=\"https:\/\/schamansidan.se\/wp-content\/uploads\/2024\/09\/schamansidan_logga.png 418w, https:\/\/schamansidan.se\/wp-content\/uploads\/2024\/09\/schamansidan_logga-300x94.png 300w\" sizes=\"auto, (max-width: 418px) 100vw, 418px\" \/><\/figure>\n<\/div>\n\n\n<h2 class=\"wp-block-heading\">Vision<\/h2>\n\n\n\n<p>Vi har en vision om att g\u00f6ra de schamanska healing-metoderna vi arbetar med mer k\u00e4nda och erk\u00e4nda som ett (mycket kraftfullt!) komplement till annan v\u00e5rd och personlig\/andlig utveckling och samtidigt tv\u00e4tta bort f\u00f6rdomar om schamaner och ist\u00e4llet lyfta fram deras ofantliga visdom. M\u00e5nga m\u00e4nniskor vet inte s\u00e5 mycket om vad de schamanska helande-metoderna har att erbjuda och det vill vi \u00e4ndra p\u00e5.<\/p>\n\n\n\n<p>Schamansidan \u00e4r framf\u00f6rallt skapad med intentionen att kunna vara med och bidra till helandet av m\u00e4nniskorna och v\u00e5r Jord. F\u00f6r att vi ska kunna g\u00f6ra oss till redskap f\u00f6r helande beh\u00f6ver vi n\u00e5 ut och tala om att vi finns, och genom att g\u00e5 ihop med gemensam hemsida och marknadsf\u00f6ring, bortom ego och konkurrens, kan vi l\u00e4ttare g\u00f6ra det. Som terapeut p\u00e5 Schamansidan bidrar man till att st\u00e4rka helheten oavsett om det \u00e4r man sj\u00e4lv eller n\u00e5gon annan som f\u00e5r ta emot fler klienter eller kursdeltagare genom den.<\/p>\n\n\n\n<p>Vikten av att \u00e5terknyta kontakten med naturen och Jorden vi lever p\u00e5, b\u00e5de f\u00f6r v\u00e5rt eget och f\u00f6r Jordens v\u00e4lbefinnande, kan inte nog betonas. Vi \u00e4r inte separerade fr\u00e5n helheten utan allt h\u00e4nger samman och det har schamanerna alltid vetat!<\/p>\n\n\n\n<div style=\"height:29px\" aria-hidden=\"true\" class=\"wp-block-spacer\"><\/div>\n","protected":false},"excerpt":{"rendered":"<p>Schamansidan har funnits sedan 2010 och startades f\u00f6r att ge en l\u00e4ttillg\u00e4nglig \u00f6verblick \u00f6ver de terapeuter och event som presenterats h\u00e4r genom \u00e5ren samt f\u00f6r att sprida kunskap om det vi g\u00f6r. P\u00e5 teraput-sidan finns terapeuter\/schamaner som alla har utbildats i schamansk healing och energimedicin hos Light Body School grundad av Alberto Villoldo och The Four Winds Society. Vi erbjuder \u00e4ven aktuella schamanska event och schamanskt hantverk. Vi hoppas att vi med en gemensam hemsida ska kunna bidra till st\u00f6rre spridning samt \u00f6kat intresse och f\u00f6rst\u00e5else f\u00f6r den schamanska visdomen och de m\u00e5ngtusen\u00e5riga schamanska verktygen vi arbetar med som har s\u00e5 mycket att erbjuda m\u00e4nniskor i v\u00e5r moderna v\u00e4rld och f\u00f6r helandet av v\u00e5r Jord. Om du \u00e4r utbildad hos The Four Winds och vill finnas med p\u00e5 sidan, v\u00e4lkommen att kontakta oss! Vision Vi har en vision om att g\u00f6ra de schamanska healing-metoderna vi arbetar med mer k\u00e4nda och erk\u00e4nda som ett (mycket kraftfullt!) komplement till annan v\u00e5rd och personlig\/andlig utveckling och samtidigt tv\u00e4tta bort f\u00f6rdomar om schamaner och ist\u00e4llet lyfta fram deras ofantliga visdom. M\u00e5nga m\u00e4nniskor vet inte s\u00e5 mycket om vad de schamanska helande-metoderna har att erbjuda och det vill vi \u00e4ndra p\u00e5. Schamansidan \u00e4r framf\u00f6rallt skapad med intentionen att kunna vara med och bidra till helandet av m\u00e4nniskorna och v\u00e5r Jord. F\u00f6r att vi ska kunna g\u00f6ra oss till redskap f\u00f6r helande beh\u00f6ver vi n\u00e5 ut och tala om att vi finns, och genom att g\u00e5 ihop med gemensam hemsida och marknadsf\u00f6ring, bortom ego och konkurrens, kan vi l\u00e4ttare g\u00f6ra det. Som terapeut p\u00e5 Schamansidan bidrar man till att st\u00e4rka helheten oavsett om det \u00e4r man sj\u00e4lv eller n\u00e5gon annan som f\u00e5r ta emot fler klienter eller kursdeltagare genom den. Vikten av att \u00e5terknyta kontakten med naturen och Jorden vi lever p\u00e5, b\u00e5de f\u00f6r v\u00e5rt eget och f\u00f6r Jordens v\u00e4lbefinnande, kan inte nog betonas. Vi \u00e4r inte separerade fr\u00e5n helheten utan allt h\u00e4nger samman och det har schamanerna alltid vetat!<\/p>\n","protected":false},"author":1,"featured_media":0,"parent":0,"menu_order":0,"comment_status":"closed","ping_status":"closed","template":"","meta":{"_monsterinsights_skip_tracking":false,"_monsterinsights_sitenote_active":false,"_monsterinsights_sitenote_note":"","_monsterinsights_sitenote_category":0,"footnotes":""},"class_list":["post-20","page","type-page","status-publish","hentry"],"yoast_head":"<!-- This site is optimized with the Yoast SEO plugin v27.3 - https:\/\/yoast.com\/product\/yoast-seo-wordpress\/ -->\n<title>Om Schamansidan - Schamansidan<\/title>\n<meta name=\"robots\" content=\"index, follow, max-snippet:-1, max-image-preview:large, max-video-preview:-1\" \/>\n<link rel=\"canonical\" href=\"https:\/\/schamansidan.se\/?page_id=20\" \/>\n<meta property=\"og:locale\" content=\"sv_SE\" \/>\n<meta property=\"og:type\" content=\"article\" \/>\n<meta property=\"og:title\" content=\"Om Schamansidan - Schamansidan\" \/>\n<meta property=\"og:description\" content=\"Schamansidan har funnits sedan 2010 och startades f\u00f6r att ge en l\u00e4ttillg\u00e4nglig \u00f6verblick \u00f6ver de terapeuter och event som presenterats h\u00e4r genom \u00e5ren samt f\u00f6r att sprida kunskap om det vi g\u00f6r. P\u00e5 teraput-sidan finns terapeuter\/schamaner som alla har utbildats i schamansk healing och energimedicin hos Light Body School grundad av Alberto Villoldo och The Four Winds Society. Vi erbjuder \u00e4ven aktuella schamanska event och schamanskt hantverk. Vi hoppas att vi med en gemensam hemsida ska kunna bidra till st\u00f6rre spridning samt \u00f6kat intresse och f\u00f6rst\u00e5else f\u00f6r den schamanska visdomen och de m\u00e5ngtusen\u00e5riga schamanska verktygen vi arbetar med som har s\u00e5 mycket att erbjuda m\u00e4nniskor i v\u00e5r moderna v\u00e4rld och f\u00f6r helandet av v\u00e5r Jord. Om du \u00e4r utbildad hos The Four Winds och vill finnas med p\u00e5 sidan, v\u00e4lkommen att kontakta oss! Vision Vi har en vision om att g\u00f6ra de schamanska healing-metoderna vi arbetar med mer k\u00e4nda och erk\u00e4nda som ett (mycket kraftfullt!) komplement till annan v\u00e5rd och personlig\/andlig utveckling och samtidigt tv\u00e4tta bort f\u00f6rdomar om schamaner och ist\u00e4llet lyfta fram deras ofantliga visdom. M\u00e5nga m\u00e4nniskor vet inte s\u00e5 mycket om vad de schamanska helande-metoderna har att erbjuda och det vill vi \u00e4ndra p\u00e5. Schamansidan \u00e4r framf\u00f6rallt skapad med intentionen att kunna vara med och bidra till helandet av m\u00e4nniskorna och v\u00e5r Jord. F\u00f6r att vi ska kunna g\u00f6ra oss till redskap f\u00f6r helande beh\u00f6ver vi n\u00e5 ut och tala om att vi finns, och genom att g\u00e5 ihop med gemensam hemsida och marknadsf\u00f6ring, bortom ego och konkurrens, kan vi l\u00e4ttare g\u00f6ra det. Som terapeut p\u00e5 Schamansidan bidrar man till att st\u00e4rka helheten oavsett om det \u00e4r man sj\u00e4lv eller n\u00e5gon annan som f\u00e5r ta emot fler klienter eller kursdeltagare genom den. Vikten av att \u00e5terknyta kontakten med naturen och Jorden vi lever p\u00e5, b\u00e5de f\u00f6r v\u00e5rt eget och f\u00f6r Jordens v\u00e4lbefinnande, kan inte nog betonas. Vi \u00e4r inte separerade fr\u00e5n helheten utan allt h\u00e4nger samman och det har schamanerna alltid vetat!\" \/>\n<meta property=\"og:url\" content=\"https:\/\/schamansidan.se\/?page_id=20\" \/>\n<meta property=\"og:site_name\" content=\"Schamansidan\" \/>\n<meta property=\"article:modified_time\" content=\"2024-10-12T14:46:49+00:00\" \/>\n<meta property=\"og:image\" content=\"http:\/\/schamansidan.se\/wp-content\/uploads\/2024\/09\/schamansidan_logga.png\" \/>\n<meta name=\"twitter:card\" content=\"summary_large_image\" \/>\n<meta name=\"twitter:label1\" content=\"Ber\u00e4knad l\u00e4stid\" \/>\n\t<meta name=\"twitter:data1\" content=\"2 minuter\" \/>\n<script type=\"application\/ld+json\" class=\"yoast-schema-graph\">{\"@context\":\"https:\\\/\\\/schema.org\",\"@graph\":[{\"@type\":\"WebPage\",\"@id\":\"https:\\\/\\\/schamansidan.se\\\/?page_id=20\",\"url\":\"https:\\\/\\\/schamansidan.se\\\/?page_id=20\",\"name\":\"Om Schamansidan - Schamansidan\",\"isPartOf\":{\"@id\":\"https:\\\/\\\/schamansidan.se\\\/#website\"},\"primaryImageOfPage\":{\"@id\":\"https:\\\/\\\/schamansidan.se\\\/?page_id=20#primaryimage\"},\"image\":{\"@id\":\"https:\\\/\\\/schamansidan.se\\\/?page_id=20#primaryimage\"},\"thumbnailUrl\":\"http:\\\/\\\/schamansidan.se\\\/wp-content\\\/uploads\\\/2024\\\/09\\\/schamansidan_logga.png\",\"datePublished\":\"2024-09-01T12:29:57+00:00\",\"dateModified\":\"2024-10-12T14:46:49+00:00\",\"breadcrumb\":{\"@id\":\"https:\\\/\\\/schamansidan.se\\\/?page_id=20#breadcrumb\"},\"inLanguage\":\"sv-SE\",\"potentialAction\":[{\"@type\":\"ReadAction\",\"target\":[\"https:\\\/\\\/schamansidan.se\\\/?page_id=20\"]}]},{\"@type\":\"ImageObject\",\"inLanguage\":\"sv-SE\",\"@id\":\"https:\\\/\\\/schamansidan.se\\\/?page_id=20#primaryimage\",\"url\":\"https:\\\/\\\/schamansidan.se\\\/wp-content\\\/uploads\\\/2024\\\/09\\\/schamansidan_logga.png\",\"contentUrl\":\"https:\\\/\\\/schamansidan.se\\\/wp-content\\\/uploads\\\/2024\\\/09\\\/schamansidan_logga.png\",\"width\":418,\"height\":131,\"caption\":\"Schamansidan\"},{\"@type\":\"BreadcrumbList\",\"@id\":\"https:\\\/\\\/schamansidan.se\\\/?page_id=20#breadcrumb\",\"itemListElement\":[{\"@type\":\"ListItem\",\"position\":1,\"name\":\"Home\",\"item\":\"https:\\\/\\\/schamansidan.se\\\/\"},{\"@type\":\"ListItem\",\"position\":2,\"name\":\"Om Schamansidan\"}]},{\"@type\":\"WebSite\",\"@id\":\"https:\\\/\\\/schamansidan.se\\\/#website\",\"url\":\"https:\\\/\\\/schamansidan.se\\\/\",\"name\":\"Schamansidan\",\"description\":\"Schamansk Healing och Energimedicin\",\"publisher\":{\"@id\":\"https:\\\/\\\/schamansidan.se\\\/#organization\"},\"alternateName\":\"Shamansidan\",\"potentialAction\":[{\"@type\":\"SearchAction\",\"target\":{\"@type\":\"EntryPoint\",\"urlTemplate\":\"https:\\\/\\\/schamansidan.se\\\/?s={search_term_string}\"},\"query-input\":{\"@type\":\"PropertyValueSpecification\",\"valueRequired\":true,\"valueName\":\"search_term_string\"}}],\"inLanguage\":\"sv-SE\"},{\"@type\":\"Organization\",\"@id\":\"https:\\\/\\\/schamansidan.se\\\/#organization\",\"name\":\"Schamansidan - shamansk healing, shamansk energimedicin\",\"alternateName\":\"Shamansidan\",\"url\":\"https:\\\/\\\/schamansidan.se\\\/\",\"logo\":{\"@type\":\"ImageObject\",\"inLanguage\":\"sv-SE\",\"@id\":\"https:\\\/\\\/schamansidan.se\\\/#\\\/schema\\\/logo\\\/image\\\/\",\"url\":\"https:\\\/\\\/schamansidan.se\\\/wp-content\\\/uploads\\\/2024\\\/09\\\/cropped-schamansidan_logga.png\",\"contentUrl\":\"https:\\\/\\\/schamansidan.se\\\/wp-content\\\/uploads\\\/2024\\\/09\\\/cropped-schamansidan_logga.png\",\"width\":417,\"height\":131,\"caption\":\"Schamansidan - shamansk healing, shamansk energimedicin\"},\"image\":{\"@id\":\"https:\\\/\\\/schamansidan.se\\\/#\\\/schema\\\/logo\\\/image\\\/\"}}]}<\/script>\n<!-- \/ Yoast SEO plugin. -->","yoast_head_json":{"title":"Om Schamansidan - Schamansidan","robots":{"index":"index","follow":"follow","max-snippet":"max-snippet:-1","max-image-preview":"max-image-preview:large","max-video-preview":"max-video-preview:-1"},"canonical":"https:\/\/schamansidan.se\/?page_id=20","og_locale":"sv_SE","og_type":"article","og_title":"Om Schamansidan - Schamansidan","og_description":"Schamansidan har funnits sedan 2010 och startades f\u00f6r att ge en l\u00e4ttillg\u00e4nglig \u00f6verblick \u00f6ver de terapeuter och event som presenterats h\u00e4r genom \u00e5ren samt f\u00f6r att sprida kunskap om det vi g\u00f6r. P\u00e5 teraput-sidan finns terapeuter\/schamaner som alla har utbildats i schamansk healing och energimedicin hos Light Body School grundad av Alberto Villoldo och The Four Winds Society. Vi erbjuder \u00e4ven aktuella schamanska event och schamanskt hantverk. Vi hoppas att vi med en gemensam hemsida ska kunna bidra till st\u00f6rre spridning samt \u00f6kat intresse och f\u00f6rst\u00e5else f\u00f6r den schamanska visdomen och de m\u00e5ngtusen\u00e5riga schamanska verktygen vi arbetar med som har s\u00e5 mycket att erbjuda m\u00e4nniskor i v\u00e5r moderna v\u00e4rld och f\u00f6r helandet av v\u00e5r Jord. Om du \u00e4r utbildad hos The Four Winds och vill finnas med p\u00e5 sidan, v\u00e4lkommen att kontakta oss! Vision Vi har en vision om att g\u00f6ra de schamanska healing-metoderna vi arbetar med mer k\u00e4nda och erk\u00e4nda som ett (mycket kraftfullt!) komplement till annan v\u00e5rd och personlig\/andlig utveckling och samtidigt tv\u00e4tta bort f\u00f6rdomar om schamaner och ist\u00e4llet lyfta fram deras ofantliga visdom. M\u00e5nga m\u00e4nniskor vet inte s\u00e5 mycket om vad de schamanska helande-metoderna har att erbjuda och det vill vi \u00e4ndra p\u00e5. Schamansidan \u00e4r framf\u00f6rallt skapad med intentionen att kunna vara med och bidra till helandet av m\u00e4nniskorna och v\u00e5r Jord. F\u00f6r att vi ska kunna g\u00f6ra oss till redskap f\u00f6r helande beh\u00f6ver vi n\u00e5 ut och tala om att vi finns, och genom att g\u00e5 ihop med gemensam hemsida och marknadsf\u00f6ring, bortom ego och konkurrens, kan vi l\u00e4ttare g\u00f6ra det. Som terapeut p\u00e5 Schamansidan bidrar man till att st\u00e4rka helheten oavsett om det \u00e4r man sj\u00e4lv eller n\u00e5gon annan som f\u00e5r ta emot fler klienter eller kursdeltagare genom den. Vikten av att \u00e5terknyta kontakten med naturen och Jorden vi lever p\u00e5, b\u00e5de f\u00f6r v\u00e5rt eget och f\u00f6r Jordens v\u00e4lbefinnande, kan inte nog betonas. Vi \u00e4r inte separerade fr\u00e5n helheten utan allt h\u00e4nger samman och det har schamanerna alltid vetat!","og_url":"https:\/\/schamansidan.se\/?page_id=20","og_site_name":"Schamansidan","article_modified_time":"2024-10-12T14:46:49+00:00","og_image":[{"url":"http:\/\/schamansidan.se\/wp-content\/uploads\/2024\/09\/schamansidan_logga.png","type":"","width":"","height":""}],"twitter_card":"summary_large_image","twitter_misc":{"Ber\u00e4knad l\u00e4stid":"2 minuter"},"schema":{"@context":"https:\/\/schema.org","@graph":[{"@type":"WebPage","@id":"https:\/\/schamansidan.se\/?page_id=20","url":"https:\/\/schamansidan.se\/?page_id=20","name":"Om Schamansidan - Schamansidan","isPartOf":{"@id":"https:\/\/schamansidan.se\/#website"},"primaryImageOfPage":{"@id":"https:\/\/schamansidan.se\/?page_id=20#primaryimage"},"image":{"@id":"https:\/\/schamansidan.se\/?page_id=20#primaryimage"},"thumbnailUrl":"http:\/\/schamansidan.se\/wp-content\/uploads\/2024\/09\/schamansidan_logga.png","datePublished":"2024-09-01T12:29:57+00:00","dateModified":"2024-10-12T14:46:49+00:00","breadcrumb":{"@id":"https:\/\/schamansidan.se\/?page_id=20#breadcrumb"},"inLanguage":"sv-SE","potentialAction":[{"@type":"ReadAction","target":["https:\/\/schamansidan.se\/?page_id=20"]}]},{"@type":"ImageObject","inLanguage":"sv-SE","@id":"https:\/\/schamansidan.se\/?page_id=20#primaryimage","url":"https:\/\/schamansidan.se\/wp-content\/uploads\/2024\/09\/schamansidan_logga.png","contentUrl":"https:\/\/schamansidan.se\/wp-content\/uploads\/2024\/09\/schamansidan_logga.png","width":418,"height":131,"caption":"Schamansidan"},{"@type":"BreadcrumbList","@id":"https:\/\/schamansidan.se\/?page_id=20#breadcrumb","itemListElement":[{"@type":"ListItem","position":1,"name":"Home","item":"https:\/\/schamansidan.se\/"},{"@type":"ListItem","position":2,"name":"Om Schamansidan"}]},{"@type":"WebSite","@id":"https:\/\/schamansidan.se\/#website","url":"https:\/\/schamansidan.se\/","name":"Schamansidan","description":"Schamansk Healing och Energimedicin","publisher":{"@id":"https:\/\/schamansidan.se\/#organization"},"alternateName":"Shamansidan","potentialAction":[{"@type":"SearchAction","target":{"@type":"EntryPoint","urlTemplate":"https:\/\/schamansidan.se\/?s={search_term_string}"},"query-input":{"@type":"PropertyValueSpecification","valueRequired":true,"valueName":"search_term_string"}}],"inLanguage":"sv-SE"},{"@type":"Organization","@id":"https:\/\/schamansidan.se\/#organization","name":"Schamansidan - shamansk healing, shamansk energimedicin","alternateName":"Shamansidan","url":"https:\/\/schamansidan.se\/","logo":{"@type":"ImageObject","inLanguage":"sv-SE","@id":"https:\/\/schamansidan.se\/#\/schema\/logo\/image\/","url":"https:\/\/schamansidan.se\/wp-content\/uploads\/2024\/09\/cropped-schamansidan_logga.png","contentUrl":"https:\/\/schamansidan.se\/wp-content\/uploads\/2024\/09\/cropped-schamansidan_logga.png","width":417,"height":131,"caption":"Schamansidan - shamansk healing, shamansk energimedicin"},"image":{"@id":"https:\/\/schamansidan.se\/#\/schema\/logo\/image\/"}}]}},"_links":{"self":[{"href":"https:\/\/schamansidan.se\/index.php?rest_route=\/wp\/v2\/pages\/20","targetHints":{"allow":["GET"]}}],"collection":[{"href":"https:\/\/schamansidan.se\/index.php?rest_route=\/wp\/v2\/pages"}],"about":[{"href":"https:\/\/schamansidan.se\/index.php?rest_route=\/wp\/v2\/types\/page"}],"author":[{"embeddable":true,"href":"https:\/\/schamansidan.se\/index.php?rest_route=\/wp\/v2\/users\/1"}],"replies":[{"embeddable":true,"href":"https:\/\/schamansidan.se\/index.php?rest_route=%2Fwp%2Fv2%2Fcomments&post=20"}],"version-history":[{"count":6,"href":"https:\/\/schamansidan.se\/index.php?rest_route=\/wp\/v2\/pages\/20\/revisions"}],"predecessor-version":[{"id":302,"href":"https:\/\/schamansidan.se\/index.php?rest_route=\/wp\/v2\/pages\/20\/revisions\/302"}],"wp:attachment":[{"href":"https:\/\/schamansidan.se\/index.php?rest_route=%2Fwp%2Fv2%2Fmedia&parent=20"}],"curies":[{"name":"wp","href":"https:\/\/api.w.org\/{rel}","templated":true}]}}