{"id":47,"date":"2024-09-01T14:52:07","date_gmt":"2024-09-01T12:52:07","guid":{"rendered":"http:\/\/schamansidan.se\/?page_id=47"},"modified":"2024-09-08T13:34:35","modified_gmt":"2024-09-08T11:34:35","slug":"healing-the-light-body-school","status":"publish","type":"page","link":"https:\/\/schamansidan.se\/?page_id=47","title":{"rendered":"Healing the Light Body School"},"content":{"rendered":"\n<p>Healing the Light Body School (eller &#8221;Light Body School&#8221; som den numera heter) \u00e4r en internationell utbildning som h\u00e5lls av&nbsp;<a href=\"http:\/\/www.thefourwinds.com\/\" target=\"_blank\" rel=\"noreferrer noopener\"><strong>The Four Winds Society<\/strong><\/a>. Skolan \u00e4r grundad av Alberto Villoldo, schaman, medicinsk antropolog och dr. i psykologi samt f\u00f6rfattare till ett flertal b\u00f6cker om de schamanska helandemetoderna och den schamanska visdomen. Han har under mer \u00e4n 25 \u00e5rs tid studerat och levt med schamaner i Peru och tr\u00e4nats av dem f\u00f6r sedan kunna f\u00f6ra dessa kunskaper vidare till andra.<\/p>\n\n\n\n<p>Den schamanska tradition som l\u00e4rs ut hos Healing the Light Body School har framf\u00f6rallt sitt ursprung hos Inka-indianer i Peru. Det har sagts av schamaner och \u00e4ttlingar till Inkas att &#8221;de moderna schamanerna ska komma fr\u00e5n v\u00e4st&#8221;. Den tv\u00e5 \u00e5r l\u00e5nga utbildningen kan s\u00e4gas vara ett steg i den riktningen och har som syfte att sprida de schamanska l\u00e4rorna och den schamanska visdomen till v\u00e4sterlandet (numera \u00e4r utbildningen kortare och mer intensiv men vi som \u00e4r med p\u00e5 Schamansidan har g\u00e5tt den \u00f6ver en period p\u00e5 tv\u00e5 \u00e5r).<\/p>\n\n\n\n<p>Eleverna l\u00e4r sig de schamanska healing-metoderna och verktygen genom att arbeta med b\u00e5de sitt eget helande och med andras. De genomg\u00e5r under utbildningens g\u00e5ng olika stadier av personlig utveckling, och grund-utbildningen kan s\u00e4gas vara b\u00f6rjan p\u00e5 processen att bli en modern v\u00e4sterl\u00e4ndsk schaman. Den \u00e4r uppbyggd kring ett traditionellt ramverk och best\u00e5r av fyra delprogram.<\/p>\n\n\n\n<div style=\"height:18px\" aria-hidden=\"true\" class=\"wp-block-spacer\"><\/div>\n\n\n<div class=\"wp-block-image\">\n<figure class=\"aligncenter size-full\"><img loading=\"lazy\" decoding=\"async\" width=\"418\" height=\"131\" src=\"http:\/\/schamansidan.se\/wp-content\/uploads\/2024\/09\/schamansidan_logga.png\" alt=\"Schamansidan\" class=\"wp-image-11\" srcset=\"https:\/\/schamansidan.se\/wp-content\/uploads\/2024\/09\/schamansidan_logga.png 418w, https:\/\/schamansidan.se\/wp-content\/uploads\/2024\/09\/schamansidan_logga-300x94.png 300w\" sizes=\"auto, (max-width: 418px) 100vw, 418px\" \/><\/figure>\n<\/div>\n\n\n<div style=\"height:19px\" aria-hidden=\"true\" class=\"wp-block-spacer\"><\/div>\n\n\n\n<h2 class=\"wp-block-heading\">Medicinhjulet<\/h2>\n\n\n\n<p><strong>Medicinhjulet<\/strong>&nbsp;med de fyra v\u00e4derstrecken &#8211; symboliskt representerat i Schamansidans logga h\u00e4r ovan &#8211; \u00e4r sj\u00e4lva grunden och basen i utbildningen.<\/p>\n\n\n\n<div style=\"height:19px\" aria-hidden=\"true\" class=\"wp-block-spacer\"><\/div>\n\n\n\n<h3 class=\"wp-block-heading\">Syd<\/h3>\n\n\n\n<p>Det f\u00f6rsta delprogrammet handlar om&nbsp;<strong>Ljusbadsprocessen\/Illuminationen<\/strong>&nbsp;d\u00e4r kunskap om att rena ljusenergif\u00e4ltet (energikroppen) fr\u00e5n pr\u00e4glingar l\u00e4rs ut. Dessa pr\u00e4glingar kan ha uppst\u00e5tt i v\u00e4ldigt unga \u00e5r eller kan ha g\u00e5tt i generationer, och kan ocks\u00e5 vara karmiska. Ett rent energif\u00e4lt \u00e4r en f\u00f6ruts\u00e4ttning f\u00f6r god h\u00e4lsa och ett liv i balans enligt denna traditions s\u00e4tt att se.<\/p>\n\n\n\n<h3 class=\"wp-block-heading\">V\u00e4st<\/h3>\n\n\n\n<p>Det andra delprogrammet handlar om&nbsp;<strong>Extraktionsprocessen<\/strong>. Energier som r\u00e4dsla, avundsjuka och ilska kan penetrera ljusenergif\u00e4ltet och skapa blockeringar. H\u00e4r ges kunskaper om hur man kan avl\u00e4gsna dessa energier som antingen kan vara kristalliserade och fasta eller flyta i energisystemet.<\/p>\n\n\n\n<h3 class=\"wp-block-heading\">Norr<\/h3>\n\n\n\n<p>Det tredje delprogrammet handlar om&nbsp;<strong>Soul retrieval<\/strong>, ett m\u00e5ngtusen\u00e5rigt schamanskt redskap som anv\u00e4nds f\u00f6r att komma till roten av problem som ofta \u00e4r relaterade till trauman eller sorger. Genom att &#8221;resa&#8221; i klientens undermedvetna kan schamanen h\u00e4r hitta det ursprungliga s\u00e5ret som orsakat problemet, f\u00f6r att sedan \u00e5terst\u00e4lla balansen genom att reintegrera den del av klientens livskraft som pga traumat\/problemet varit avst\u00e4ngd. Enligt schamanens s\u00e4tt att se motsvarar detta en del av sj\u00e4len som varit utest\u00e4ngd och d\u00e5 f\u00f6rorsakat en obalans.<\/p>\n\n\n\n<h3 class=\"wp-block-heading\">\u00d6st<\/h3>\n\n\n\n<p>Det fj\u00e4rde delprogrammet handlar om&nbsp;<strong>den slutliga resan<\/strong>&nbsp;och att med hj\u00e4lp av kunskap fr\u00e5n denna tradition assistera en person som h\u00e5ller p\u00e5 att g\u00e5 \u00f6ver till andra sidan.<\/p>\n\n\n\n<p>F\u00f6r certifiering kr\u00e4vs ytterligare tre &#8221;master classes&#8221; som eleverna kan g\u00e5 antingen under eller efter grundutbildningen.<\/p>\n\n\n\n<p class=\"has-text-align-center\">L\u00e4s mer p\u00e5&nbsp;<a href=\"http:\/\/www.thefourwinds.com\/\" target=\"_blank\" rel=\"noreferrer noopener\"><strong>www.thefourwinds.com<\/strong><\/a><\/p>\n\n\n\n<p><\/p>\n","protected":false},"excerpt":{"rendered":"<p>Healing the Light Body School (eller &#8221;Light Body School&#8221; som den numera heter) \u00e4r en internationell utbildning som h\u00e5lls av&nbsp;The Four Winds Society. Skolan \u00e4r grundad av Alberto Villoldo, schaman, medicinsk antropolog och dr. i psykologi samt f\u00f6rfattare till ett flertal b\u00f6cker om de schamanska helandemetoderna och den schamanska visdomen. Han har under mer \u00e4n 25 \u00e5rs tid studerat och levt med schamaner i Peru och tr\u00e4nats av dem f\u00f6r sedan kunna f\u00f6ra dessa kunskaper vidare till andra. Den schamanska tradition som l\u00e4rs ut hos Healing the Light Body School har framf\u00f6rallt sitt ursprung hos Inka-indianer i Peru. Det har sagts av schamaner och \u00e4ttlingar till Inkas att &#8221;de moderna schamanerna ska komma fr\u00e5n v\u00e4st&#8221;. Den tv\u00e5 \u00e5r l\u00e5nga utbildningen kan s\u00e4gas vara ett steg i den riktningen och har som syfte att sprida de schamanska l\u00e4rorna och den schamanska visdomen till v\u00e4sterlandet (numera \u00e4r utbildningen kortare och mer intensiv men vi som \u00e4r med p\u00e5 Schamansidan har g\u00e5tt den \u00f6ver en period p\u00e5 tv\u00e5 \u00e5r). Eleverna l\u00e4r sig de schamanska healing-metoderna och verktygen genom att arbeta med b\u00e5de sitt eget helande och med andras. De genomg\u00e5r under utbildningens g\u00e5ng olika stadier av personlig utveckling, och grund-utbildningen kan s\u00e4gas vara b\u00f6rjan p\u00e5 processen att bli en modern v\u00e4sterl\u00e4ndsk schaman. Den \u00e4r uppbyggd kring ett traditionellt ramverk och best\u00e5r av fyra delprogram. Medicinhjulet Medicinhjulet&nbsp;med de fyra v\u00e4derstrecken &#8211; symboliskt representerat i Schamansidans logga h\u00e4r ovan &#8211; \u00e4r sj\u00e4lva grunden och basen i utbildningen. Syd Det f\u00f6rsta delprogrammet handlar om&nbsp;Ljusbadsprocessen\/Illuminationen&nbsp;d\u00e4r kunskap om att rena ljusenergif\u00e4ltet (energikroppen) fr\u00e5n pr\u00e4glingar l\u00e4rs ut. Dessa pr\u00e4glingar kan ha uppst\u00e5tt i v\u00e4ldigt unga \u00e5r eller kan ha g\u00e5tt i generationer, och kan ocks\u00e5 vara karmiska. Ett rent energif\u00e4lt \u00e4r en f\u00f6ruts\u00e4ttning f\u00f6r god h\u00e4lsa och ett liv i balans enligt denna traditions s\u00e4tt att se. V\u00e4st Det andra delprogrammet handlar om&nbsp;Extraktionsprocessen. Energier som r\u00e4dsla, avundsjuka och ilska kan penetrera ljusenergif\u00e4ltet och skapa blockeringar. H\u00e4r ges kunskaper om hur man kan avl\u00e4gsna dessa energier som antingen kan vara kristalliserade och fasta eller flyta i energisystemet. Norr Det tredje delprogrammet handlar om&nbsp;Soul retrieval, ett m\u00e5ngtusen\u00e5rigt schamanskt redskap som anv\u00e4nds f\u00f6r att komma till roten av problem som ofta \u00e4r relaterade till trauman eller sorger. Genom att &#8221;resa&#8221; i klientens undermedvetna kan schamanen h\u00e4r hitta det ursprungliga s\u00e5ret som orsakat problemet, f\u00f6r att sedan \u00e5terst\u00e4lla balansen genom att reintegrera den del av klientens livskraft som pga traumat\/problemet varit avst\u00e4ngd. Enligt schamanens s\u00e4tt att se motsvarar detta en del av sj\u00e4len som varit utest\u00e4ngd och d\u00e5 f\u00f6rorsakat en obalans. \u00d6st Det fj\u00e4rde delprogrammet handlar om&nbsp;den slutliga resan&nbsp;och att med hj\u00e4lp av kunskap fr\u00e5n denna tradition assistera en person som h\u00e5ller p\u00e5 att g\u00e5 \u00f6ver till andra sidan. F\u00f6r certifiering kr\u00e4vs ytterligare tre &#8221;master classes&#8221; som eleverna kan g\u00e5 antingen under eller efter grundutbildningen. L\u00e4s mer p\u00e5&nbsp;www.thefourwinds.com<\/p>\n","protected":false},"author":1,"featured_media":0,"parent":0,"menu_order":0,"comment_status":"closed","ping_status":"closed","template":"","meta":{"_monsterinsights_skip_tracking":false,"_monsterinsights_sitenote_active":false,"_monsterinsights_sitenote_note":"","_monsterinsights_sitenote_category":0,"footnotes":""},"class_list":["post-47","page","type-page","status-publish","hentry"],"yoast_head":"<!-- This site is optimized with the Yoast SEO plugin v27.3 - https:\/\/yoast.com\/product\/yoast-seo-wordpress\/ -->\n<title>Healing the Light Body School - Schamansidan<\/title>\n<meta name=\"robots\" content=\"index, follow, max-snippet:-1, max-image-preview:large, max-video-preview:-1\" \/>\n<link rel=\"canonical\" href=\"https:\/\/schamansidan.se\/?page_id=47\" \/>\n<meta property=\"og:locale\" content=\"sv_SE\" \/>\n<meta property=\"og:type\" content=\"article\" \/>\n<meta property=\"og:title\" content=\"Healing the Light Body School - Schamansidan\" \/>\n<meta property=\"og:description\" content=\"Healing the Light Body School (eller &#8221;Light Body School&#8221; som den numera heter) \u00e4r en internationell utbildning som h\u00e5lls av&nbsp;The Four Winds Society. Skolan \u00e4r grundad av Alberto Villoldo, schaman, medicinsk antropolog och dr. i psykologi samt f\u00f6rfattare till ett flertal b\u00f6cker om de schamanska helandemetoderna och den schamanska visdomen. Han har under mer \u00e4n 25 \u00e5rs tid studerat och levt med schamaner i Peru och tr\u00e4nats av dem f\u00f6r sedan kunna f\u00f6ra dessa kunskaper vidare till andra. Den schamanska tradition som l\u00e4rs ut hos Healing the Light Body School har framf\u00f6rallt sitt ursprung hos Inka-indianer i Peru. Det har sagts av schamaner och \u00e4ttlingar till Inkas att &#8221;de moderna schamanerna ska komma fr\u00e5n v\u00e4st&#8221;. Den tv\u00e5 \u00e5r l\u00e5nga utbildningen kan s\u00e4gas vara ett steg i den riktningen och har som syfte att sprida de schamanska l\u00e4rorna och den schamanska visdomen till v\u00e4sterlandet (numera \u00e4r utbildningen kortare och mer intensiv men vi som \u00e4r med p\u00e5 Schamansidan har g\u00e5tt den \u00f6ver en period p\u00e5 tv\u00e5 \u00e5r). Eleverna l\u00e4r sig de schamanska healing-metoderna och verktygen genom att arbeta med b\u00e5de sitt eget helande och med andras. De genomg\u00e5r under utbildningens g\u00e5ng olika stadier av personlig utveckling, och grund-utbildningen kan s\u00e4gas vara b\u00f6rjan p\u00e5 processen att bli en modern v\u00e4sterl\u00e4ndsk schaman. Den \u00e4r uppbyggd kring ett traditionellt ramverk och best\u00e5r av fyra delprogram. Medicinhjulet Medicinhjulet&nbsp;med de fyra v\u00e4derstrecken &#8211; symboliskt representerat i Schamansidans logga h\u00e4r ovan &#8211; \u00e4r sj\u00e4lva grunden och basen i utbildningen. Syd Det f\u00f6rsta delprogrammet handlar om&nbsp;Ljusbadsprocessen\/Illuminationen&nbsp;d\u00e4r kunskap om att rena ljusenergif\u00e4ltet (energikroppen) fr\u00e5n pr\u00e4glingar l\u00e4rs ut. Dessa pr\u00e4glingar kan ha uppst\u00e5tt i v\u00e4ldigt unga \u00e5r eller kan ha g\u00e5tt i generationer, och kan ocks\u00e5 vara karmiska. Ett rent energif\u00e4lt \u00e4r en f\u00f6ruts\u00e4ttning f\u00f6r god h\u00e4lsa och ett liv i balans enligt denna traditions s\u00e4tt att se. V\u00e4st Det andra delprogrammet handlar om&nbsp;Extraktionsprocessen. Energier som r\u00e4dsla, avundsjuka och ilska kan penetrera ljusenergif\u00e4ltet och skapa blockeringar. H\u00e4r ges kunskaper om hur man kan avl\u00e4gsna dessa energier som antingen kan vara kristalliserade och fasta eller flyta i energisystemet. Norr Det tredje delprogrammet handlar om&nbsp;Soul retrieval, ett m\u00e5ngtusen\u00e5rigt schamanskt redskap som anv\u00e4nds f\u00f6r att komma till roten av problem som ofta \u00e4r relaterade till trauman eller sorger. Genom att &#8221;resa&#8221; i klientens undermedvetna kan schamanen h\u00e4r hitta det ursprungliga s\u00e5ret som orsakat problemet, f\u00f6r att sedan \u00e5terst\u00e4lla balansen genom att reintegrera den del av klientens livskraft som pga traumat\/problemet varit avst\u00e4ngd. Enligt schamanens s\u00e4tt att se motsvarar detta en del av sj\u00e4len som varit utest\u00e4ngd och d\u00e5 f\u00f6rorsakat en obalans. \u00d6st Det fj\u00e4rde delprogrammet handlar om&nbsp;den slutliga resan&nbsp;och att med hj\u00e4lp av kunskap fr\u00e5n denna tradition assistera en person som h\u00e5ller p\u00e5 att g\u00e5 \u00f6ver till andra sidan. F\u00f6r certifiering kr\u00e4vs ytterligare tre &#8221;master classes&#8221; som eleverna kan g\u00e5 antingen under eller efter grundutbildningen. L\u00e4s mer p\u00e5&nbsp;www.thefourwinds.com\" \/>\n<meta property=\"og:url\" content=\"https:\/\/schamansidan.se\/?page_id=47\" \/>\n<meta property=\"og:site_name\" content=\"Schamansidan\" \/>\n<meta property=\"article:modified_time\" content=\"2024-09-08T11:34:35+00:00\" \/>\n<meta property=\"og:image\" content=\"http:\/\/schamansidan.se\/wp-content\/uploads\/2024\/09\/schamansidan_logga.png\" \/>\n<meta name=\"twitter:card\" content=\"summary_large_image\" \/>\n<meta name=\"twitter:label1\" content=\"Ber\u00e4knad l\u00e4stid\" \/>\n\t<meta name=\"twitter:data1\" content=\"3 minuter\" \/>\n<script type=\"application\/ld+json\" class=\"yoast-schema-graph\">{\"@context\":\"https:\\\/\\\/schema.org\",\"@graph\":[{\"@type\":\"WebPage\",\"@id\":\"https:\\\/\\\/schamansidan.se\\\/?page_id=47\",\"url\":\"https:\\\/\\\/schamansidan.se\\\/?page_id=47\",\"name\":\"Healing the Light Body School - Schamansidan\",\"isPartOf\":{\"@id\":\"https:\\\/\\\/schamansidan.se\\\/#website\"},\"primaryImageOfPage\":{\"@id\":\"https:\\\/\\\/schamansidan.se\\\/?page_id=47#primaryimage\"},\"image\":{\"@id\":\"https:\\\/\\\/schamansidan.se\\\/?page_id=47#primaryimage\"},\"thumbnailUrl\":\"http:\\\/\\\/schamansidan.se\\\/wp-content\\\/uploads\\\/2024\\\/09\\\/schamansidan_logga.png\",\"datePublished\":\"2024-09-01T12:52:07+00:00\",\"dateModified\":\"2024-09-08T11:34:35+00:00\",\"breadcrumb\":{\"@id\":\"https:\\\/\\\/schamansidan.se\\\/?page_id=47#breadcrumb\"},\"inLanguage\":\"sv-SE\",\"potentialAction\":[{\"@type\":\"ReadAction\",\"target\":[\"https:\\\/\\\/schamansidan.se\\\/?page_id=47\"]}]},{\"@type\":\"ImageObject\",\"inLanguage\":\"sv-SE\",\"@id\":\"https:\\\/\\\/schamansidan.se\\\/?page_id=47#primaryimage\",\"url\":\"https:\\\/\\\/schamansidan.se\\\/wp-content\\\/uploads\\\/2024\\\/09\\\/schamansidan_logga.png\",\"contentUrl\":\"https:\\\/\\\/schamansidan.se\\\/wp-content\\\/uploads\\\/2024\\\/09\\\/schamansidan_logga.png\",\"width\":418,\"height\":131,\"caption\":\"Schamansidan\"},{\"@type\":\"BreadcrumbList\",\"@id\":\"https:\\\/\\\/schamansidan.se\\\/?page_id=47#breadcrumb\",\"itemListElement\":[{\"@type\":\"ListItem\",\"position\":1,\"name\":\"Home\",\"item\":\"https:\\\/\\\/schamansidan.se\\\/\"},{\"@type\":\"ListItem\",\"position\":2,\"name\":\"Healing the Light Body School\"}]},{\"@type\":\"WebSite\",\"@id\":\"https:\\\/\\\/schamansidan.se\\\/#website\",\"url\":\"https:\\\/\\\/schamansidan.se\\\/\",\"name\":\"Schamansidan\",\"description\":\"Schamansk Healing och Energimedicin\",\"publisher\":{\"@id\":\"https:\\\/\\\/schamansidan.se\\\/#organization\"},\"alternateName\":\"Shamansidan\",\"potentialAction\":[{\"@type\":\"SearchAction\",\"target\":{\"@type\":\"EntryPoint\",\"urlTemplate\":\"https:\\\/\\\/schamansidan.se\\\/?s={search_term_string}\"},\"query-input\":{\"@type\":\"PropertyValueSpecification\",\"valueRequired\":true,\"valueName\":\"search_term_string\"}}],\"inLanguage\":\"sv-SE\"},{\"@type\":\"Organization\",\"@id\":\"https:\\\/\\\/schamansidan.se\\\/#organization\",\"name\":\"Schamansidan - shamansk healing, shamansk energimedicin\",\"alternateName\":\"Shamansidan\",\"url\":\"https:\\\/\\\/schamansidan.se\\\/\",\"logo\":{\"@type\":\"ImageObject\",\"inLanguage\":\"sv-SE\",\"@id\":\"https:\\\/\\\/schamansidan.se\\\/#\\\/schema\\\/logo\\\/image\\\/\",\"url\":\"https:\\\/\\\/schamansidan.se\\\/wp-content\\\/uploads\\\/2024\\\/09\\\/cropped-schamansidan_logga.png\",\"contentUrl\":\"https:\\\/\\\/schamansidan.se\\\/wp-content\\\/uploads\\\/2024\\\/09\\\/cropped-schamansidan_logga.png\",\"width\":417,\"height\":131,\"caption\":\"Schamansidan - shamansk healing, shamansk energimedicin\"},\"image\":{\"@id\":\"https:\\\/\\\/schamansidan.se\\\/#\\\/schema\\\/logo\\\/image\\\/\"}}]}<\/script>\n<!-- \/ Yoast SEO plugin. -->","yoast_head_json":{"title":"Healing the Light Body School - Schamansidan","robots":{"index":"index","follow":"follow","max-snippet":"max-snippet:-1","max-image-preview":"max-image-preview:large","max-video-preview":"max-video-preview:-1"},"canonical":"https:\/\/schamansidan.se\/?page_id=47","og_locale":"sv_SE","og_type":"article","og_title":"Healing the Light Body School - Schamansidan","og_description":"Healing the Light Body School (eller &#8221;Light Body School&#8221; som den numera heter) \u00e4r en internationell utbildning som h\u00e5lls av&nbsp;The Four Winds Society. Skolan \u00e4r grundad av Alberto Villoldo, schaman, medicinsk antropolog och dr. i psykologi samt f\u00f6rfattare till ett flertal b\u00f6cker om de schamanska helandemetoderna och den schamanska visdomen. Han har under mer \u00e4n 25 \u00e5rs tid studerat och levt med schamaner i Peru och tr\u00e4nats av dem f\u00f6r sedan kunna f\u00f6ra dessa kunskaper vidare till andra. Den schamanska tradition som l\u00e4rs ut hos Healing the Light Body School har framf\u00f6rallt sitt ursprung hos Inka-indianer i Peru. Det har sagts av schamaner och \u00e4ttlingar till Inkas att &#8221;de moderna schamanerna ska komma fr\u00e5n v\u00e4st&#8221;. Den tv\u00e5 \u00e5r l\u00e5nga utbildningen kan s\u00e4gas vara ett steg i den riktningen och har som syfte att sprida de schamanska l\u00e4rorna och den schamanska visdomen till v\u00e4sterlandet (numera \u00e4r utbildningen kortare och mer intensiv men vi som \u00e4r med p\u00e5 Schamansidan har g\u00e5tt den \u00f6ver en period p\u00e5 tv\u00e5 \u00e5r). Eleverna l\u00e4r sig de schamanska healing-metoderna och verktygen genom att arbeta med b\u00e5de sitt eget helande och med andras. De genomg\u00e5r under utbildningens g\u00e5ng olika stadier av personlig utveckling, och grund-utbildningen kan s\u00e4gas vara b\u00f6rjan p\u00e5 processen att bli en modern v\u00e4sterl\u00e4ndsk schaman. Den \u00e4r uppbyggd kring ett traditionellt ramverk och best\u00e5r av fyra delprogram. Medicinhjulet Medicinhjulet&nbsp;med de fyra v\u00e4derstrecken &#8211; symboliskt representerat i Schamansidans logga h\u00e4r ovan &#8211; \u00e4r sj\u00e4lva grunden och basen i utbildningen. Syd Det f\u00f6rsta delprogrammet handlar om&nbsp;Ljusbadsprocessen\/Illuminationen&nbsp;d\u00e4r kunskap om att rena ljusenergif\u00e4ltet (energikroppen) fr\u00e5n pr\u00e4glingar l\u00e4rs ut. Dessa pr\u00e4glingar kan ha uppst\u00e5tt i v\u00e4ldigt unga \u00e5r eller kan ha g\u00e5tt i generationer, och kan ocks\u00e5 vara karmiska. Ett rent energif\u00e4lt \u00e4r en f\u00f6ruts\u00e4ttning f\u00f6r god h\u00e4lsa och ett liv i balans enligt denna traditions s\u00e4tt att se. V\u00e4st Det andra delprogrammet handlar om&nbsp;Extraktionsprocessen. Energier som r\u00e4dsla, avundsjuka och ilska kan penetrera ljusenergif\u00e4ltet och skapa blockeringar. H\u00e4r ges kunskaper om hur man kan avl\u00e4gsna dessa energier som antingen kan vara kristalliserade och fasta eller flyta i energisystemet. Norr Det tredje delprogrammet handlar om&nbsp;Soul retrieval, ett m\u00e5ngtusen\u00e5rigt schamanskt redskap som anv\u00e4nds f\u00f6r att komma till roten av problem som ofta \u00e4r relaterade till trauman eller sorger. Genom att &#8221;resa&#8221; i klientens undermedvetna kan schamanen h\u00e4r hitta det ursprungliga s\u00e5ret som orsakat problemet, f\u00f6r att sedan \u00e5terst\u00e4lla balansen genom att reintegrera den del av klientens livskraft som pga traumat\/problemet varit avst\u00e4ngd. Enligt schamanens s\u00e4tt att se motsvarar detta en del av sj\u00e4len som varit utest\u00e4ngd och d\u00e5 f\u00f6rorsakat en obalans. \u00d6st Det fj\u00e4rde delprogrammet handlar om&nbsp;den slutliga resan&nbsp;och att med hj\u00e4lp av kunskap fr\u00e5n denna tradition assistera en person som h\u00e5ller p\u00e5 att g\u00e5 \u00f6ver till andra sidan. F\u00f6r certifiering kr\u00e4vs ytterligare tre &#8221;master classes&#8221; som eleverna kan g\u00e5 antingen under eller efter grundutbildningen. L\u00e4s mer p\u00e5&nbsp;www.thefourwinds.com","og_url":"https:\/\/schamansidan.se\/?page_id=47","og_site_name":"Schamansidan","article_modified_time":"2024-09-08T11:34:35+00:00","og_image":[{"url":"http:\/\/schamansidan.se\/wp-content\/uploads\/2024\/09\/schamansidan_logga.png","type":"","width":"","height":""}],"twitter_card":"summary_large_image","twitter_misc":{"Ber\u00e4knad l\u00e4stid":"3 minuter"},"schema":{"@context":"https:\/\/schema.org","@graph":[{"@type":"WebPage","@id":"https:\/\/schamansidan.se\/?page_id=47","url":"https:\/\/schamansidan.se\/?page_id=47","name":"Healing the Light Body School - Schamansidan","isPartOf":{"@id":"https:\/\/schamansidan.se\/#website"},"primaryImageOfPage":{"@id":"https:\/\/schamansidan.se\/?page_id=47#primaryimage"},"image":{"@id":"https:\/\/schamansidan.se\/?page_id=47#primaryimage"},"thumbnailUrl":"http:\/\/schamansidan.se\/wp-content\/uploads\/2024\/09\/schamansidan_logga.png","datePublished":"2024-09-01T12:52:07+00:00","dateModified":"2024-09-08T11:34:35+00:00","breadcrumb":{"@id":"https:\/\/schamansidan.se\/?page_id=47#breadcrumb"},"inLanguage":"sv-SE","potentialAction":[{"@type":"ReadAction","target":["https:\/\/schamansidan.se\/?page_id=47"]}]},{"@type":"ImageObject","inLanguage":"sv-SE","@id":"https:\/\/schamansidan.se\/?page_id=47#primaryimage","url":"https:\/\/schamansidan.se\/wp-content\/uploads\/2024\/09\/schamansidan_logga.png","contentUrl":"https:\/\/schamansidan.se\/wp-content\/uploads\/2024\/09\/schamansidan_logga.png","width":418,"height":131,"caption":"Schamansidan"},{"@type":"BreadcrumbList","@id":"https:\/\/schamansidan.se\/?page_id=47#breadcrumb","itemListElement":[{"@type":"ListItem","position":1,"name":"Home","item":"https:\/\/schamansidan.se\/"},{"@type":"ListItem","position":2,"name":"Healing the Light Body School"}]},{"@type":"WebSite","@id":"https:\/\/schamansidan.se\/#website","url":"https:\/\/schamansidan.se\/","name":"Schamansidan","description":"Schamansk Healing och Energimedicin","publisher":{"@id":"https:\/\/schamansidan.se\/#organization"},"alternateName":"Shamansidan","potentialAction":[{"@type":"SearchAction","target":{"@type":"EntryPoint","urlTemplate":"https:\/\/schamansidan.se\/?s={search_term_string}"},"query-input":{"@type":"PropertyValueSpecification","valueRequired":true,"valueName":"search_term_string"}}],"inLanguage":"sv-SE"},{"@type":"Organization","@id":"https:\/\/schamansidan.se\/#organization","name":"Schamansidan - shamansk healing, shamansk energimedicin","alternateName":"Shamansidan","url":"https:\/\/schamansidan.se\/","logo":{"@type":"ImageObject","inLanguage":"sv-SE","@id":"https:\/\/schamansidan.se\/#\/schema\/logo\/image\/","url":"https:\/\/schamansidan.se\/wp-content\/uploads\/2024\/09\/cropped-schamansidan_logga.png","contentUrl":"https:\/\/schamansidan.se\/wp-content\/uploads\/2024\/09\/cropped-schamansidan_logga.png","width":417,"height":131,"caption":"Schamansidan - shamansk healing, shamansk energimedicin"},"image":{"@id":"https:\/\/schamansidan.se\/#\/schema\/logo\/image\/"}}]}},"_links":{"self":[{"href":"https:\/\/schamansidan.se\/index.php?rest_route=\/wp\/v2\/pages\/47","targetHints":{"allow":["GET"]}}],"collection":[{"href":"https:\/\/schamansidan.se\/index.php?rest_route=\/wp\/v2\/pages"}],"about":[{"href":"https:\/\/schamansidan.se\/index.php?rest_route=\/wp\/v2\/types\/page"}],"author":[{"embeddable":true,"href":"https:\/\/schamansidan.se\/index.php?rest_route=\/wp\/v2\/users\/1"}],"replies":[{"embeddable":true,"href":"https:\/\/schamansidan.se\/index.php?rest_route=%2Fwp%2Fv2%2Fcomments&post=47"}],"version-history":[{"count":6,"href":"https:\/\/schamansidan.se\/index.php?rest_route=\/wp\/v2\/pages\/47\/revisions"}],"predecessor-version":[{"id":194,"href":"https:\/\/schamansidan.se\/index.php?rest_route=\/wp\/v2\/pages\/47\/revisions\/194"}],"wp:attachment":[{"href":"https:\/\/schamansidan.se\/index.php?rest_route=%2Fwp%2Fv2%2Fmedia&parent=47"}],"curies":[{"name":"wp","href":"https:\/\/api.w.org\/{rel}","templated":true}]}}