{"id":5,"date":"2024-09-01T14:00:49","date_gmt":"2024-09-01T12:00:49","guid":{"rendered":"http:\/\/schamansidan.se\/?page_id=5"},"modified":"2025-03-07T10:15:50","modified_gmt":"2025-03-07T09:15:50","slug":"valkommen-till-schamansidan","status":"publish","type":"page","link":"https:\/\/schamansidan.se\/","title":{"rendered":"V\u00e4lkommen till Schamansidan"},"content":{"rendered":"\n<p class=\"has-text-align-center\"><\/p>\n\n\n\n<div style=\"height:21px\" aria-hidden=\"true\" class=\"wp-block-spacer\"><\/div>\n\n\n\n<h4 class=\"wp-block-heading has-text-align-center\">Behandlingar i shamansk healing \/ shamansk energimedicin.<br>Aktuella <a href=\"https:\/\/schamansidan.se\/?page_id=147\">event<\/a> och f\u00f6rs\u00e4ljning av <a href=\"https:\/\/schamansidan.se\/?page_id=91\">hantverk och tj\u00e4nster<\/a><\/h4>\n\n\n\n<div style=\"height:26px\" aria-hidden=\"true\" class=\"wp-block-spacer\"><\/div>\n\n\n<div class=\"wp-block-image\">\n<figure class=\"aligncenter size-full\"><img loading=\"lazy\" decoding=\"async\" width=\"418\" height=\"131\" src=\"http:\/\/schamansidan.se\/wp-content\/uploads\/2024\/09\/schamansidan_logga.png\" alt=\"Schamansidan\" class=\"wp-image-11\" srcset=\"https:\/\/schamansidan.se\/wp-content\/uploads\/2024\/09\/schamansidan_logga.png 418w, https:\/\/schamansidan.se\/wp-content\/uploads\/2024\/09\/schamansidan_logga-300x94.png 300w\" sizes=\"auto, (max-width: 418px) 100vw, 418px\" \/><\/figure>\n<\/div>\n\n\n<div style=\"height:20px\" aria-hidden=\"true\" class=\"wp-block-spacer\"><\/div>\n\n\n\n<p class=\"has-text-align-left\">I ursprungskulturer v\u00e4rlden \u00f6ver har det varit&nbsp;<strong>schamanens<\/strong> roll att v\u00e4gleda m\u00e4nniskor samt att hela fysiska och psykiska besv\u00e4r. Schamanerna var de f\u00f6rsta doktorerna, terapeuterna, coacherna och psykologerna i m\u00e4nniskans historia och denna schamanska visdom erbjuder \u00e4n idag metoder f\u00f6r helande, transformation och balans som nu i v\u00e5r moderna v\u00e4rld beh\u00f6vs mer \u00e4n n\u00e5gonsin. De v\u00e4sterl\u00e4ndska schamaner som verkar i v\u00e5r kultur tar den universella, schamanska visdomen in i v\u00e5r tid. <\/p>\n\n\n\n<p class=\"has-text-align-left\">P\u00e5 denna hemsida finns schamanska terapeuter som alla \u00e4r utbildade inom&nbsp;<strong>schamansk healing&nbsp;enligt&nbsp;Inka-traditionen<\/strong>, en m\u00e5ngtusen\u00e5rig tradition av&nbsp;<strong>energimedicin&nbsp;fr\u00e5n&nbsp;Peru<\/strong>. Vi arbetar med ur\u00e5ldriga men tidl\u00f6sa schamanska verktyg i v\u00e5r moderna v\u00e4rld f\u00f6r att kunna assistera Dig, oss sj\u00e4lva och v\u00e5r Jord till&nbsp;<strong>ett liv i harmoni och balans<\/strong> d\u00e4r vi kan&nbsp;<strong>l\u00e4mna det gamla bakom oss<\/strong>&nbsp;f\u00f6r att ta klivet in i en&nbsp;<strong>ny tid<\/strong>.<\/p>\n\n\n\n<p class=\"has-text-align-left\">V\u00e4lkommen!<\/p>\n\n\n\n<p class=\"has-text-align-center\"><\/p>\n\n\n\n<p><\/p>\n","protected":false},"excerpt":{"rendered":"<p>Behandlingar i shamansk healing \/ shamansk energimedicin.Aktuella event och f\u00f6rs\u00e4ljning av hantverk och tj\u00e4nster I ursprungskulturer v\u00e4rlden \u00f6ver har det varit&nbsp;schamanens roll att v\u00e4gleda m\u00e4nniskor samt att hela fysiska och psykiska besv\u00e4r. Schamanerna var de f\u00f6rsta doktorerna, terapeuterna, coacherna och psykologerna i m\u00e4nniskans historia och denna schamanska visdom erbjuder \u00e4n idag metoder f\u00f6r helande, transformation och balans som nu i v\u00e5r moderna v\u00e4rld beh\u00f6vs mer \u00e4n n\u00e5gonsin. De v\u00e4sterl\u00e4ndska schamaner som verkar i v\u00e5r kultur tar den universella, schamanska visdomen in i v\u00e5r tid. P\u00e5 denna hemsida finns schamanska terapeuter som alla \u00e4r utbildade inom&nbsp;schamansk healing&nbsp;enligt&nbsp;Inka-traditionen, en m\u00e5ngtusen\u00e5rig tradition av&nbsp;energimedicin&nbsp;fr\u00e5n&nbsp;Peru. Vi arbetar med ur\u00e5ldriga men tidl\u00f6sa schamanska verktyg i v\u00e5r moderna v\u00e4rld f\u00f6r att kunna assistera Dig, oss sj\u00e4lva och v\u00e5r Jord till&nbsp;ett liv i harmoni och balans d\u00e4r vi kan&nbsp;l\u00e4mna det gamla bakom oss&nbsp;f\u00f6r att ta klivet in i en&nbsp;ny tid. V\u00e4lkommen!<\/p>\n","protected":false},"author":1,"featured_media":0,"parent":0,"menu_order":0,"comment_status":"closed","ping_status":"closed","template":"","meta":{"_monsterinsights_skip_tracking":false,"_monsterinsights_sitenote_active":false,"_monsterinsights_sitenote_note":"","_monsterinsights_sitenote_category":0,"footnotes":""},"class_list":["post-5","page","type-page","status-publish","hentry"],"yoast_head":"<!-- This site is optimized with the Yoast SEO plugin v27.3 - https:\/\/yoast.com\/product\/yoast-seo-wordpress\/ -->\n<title>V\u00e4lkommen till Schamansidan - Schamansidan<\/title>\n<meta name=\"description\" content=\"Vi erbjuder Schamansk Healing och Energimedicin enligt Inka-traditionen samt schamanska ceremonier, aktuella event och schamanskt hantverk. Vi finns i Stockholm och i R\u00e4ttvik.\" \/>\n<meta name=\"robots\" content=\"index, follow, max-snippet:-1, max-image-preview:large, max-video-preview:-1\" \/>\n<link rel=\"canonical\" href=\"https:\/\/schamansidan.se\/\" \/>\n<meta property=\"og:locale\" content=\"sv_SE\" \/>\n<meta property=\"og:type\" content=\"article\" \/>\n<meta property=\"og:title\" content=\"V\u00e4lkommen till Schamansidan - Schamansidan\" \/>\n<meta property=\"og:description\" content=\"Vi erbjuder Schamansk Healing och Energimedicin enligt Inka-traditionen samt schamanska ceremonier, aktuella event och schamanskt hantverk. Vi finns i Stockholm och i R\u00e4ttvik.\" \/>\n<meta property=\"og:url\" content=\"https:\/\/schamansidan.se\/\" \/>\n<meta property=\"og:site_name\" content=\"Schamansidan\" \/>\n<meta property=\"article:modified_time\" content=\"2025-03-07T09:15:50+00:00\" \/>\n<meta property=\"og:image\" content=\"http:\/\/schamansidan.se\/wp-content\/uploads\/2024\/09\/schamansidan_logga.png\" \/>\n<meta name=\"twitter:card\" content=\"summary_large_image\" \/>\n<meta name=\"twitter:label1\" content=\"Ber\u00e4knad l\u00e4stid\" \/>\n\t<meta name=\"twitter:data1\" content=\"1 minut\" \/>\n<script type=\"application\/ld+json\" class=\"yoast-schema-graph\">{\"@context\":\"https:\\\/\\\/schema.org\",\"@graph\":[{\"@type\":\"WebPage\",\"@id\":\"https:\\\/\\\/schamansidan.se\\\/\",\"url\":\"https:\\\/\\\/schamansidan.se\\\/\",\"name\":\"V\u00e4lkommen till Schamansidan - Schamansidan\",\"isPartOf\":{\"@id\":\"https:\\\/\\\/schamansidan.se\\\/#website\"},\"primaryImageOfPage\":{\"@id\":\"https:\\\/\\\/schamansidan.se\\\/#primaryimage\"},\"image\":{\"@id\":\"https:\\\/\\\/schamansidan.se\\\/#primaryimage\"},\"thumbnailUrl\":\"http:\\\/\\\/schamansidan.se\\\/wp-content\\\/uploads\\\/2024\\\/09\\\/schamansidan_logga.png\",\"datePublished\":\"2024-09-01T12:00:49+00:00\",\"dateModified\":\"2025-03-07T09:15:50+00:00\",\"description\":\"Vi erbjuder Schamansk Healing och Energimedicin enligt Inka-traditionen samt schamanska ceremonier, aktuella event och schamanskt hantverk. Vi finns i Stockholm och i R\u00e4ttvik.\",\"breadcrumb\":{\"@id\":\"https:\\\/\\\/schamansidan.se\\\/#breadcrumb\"},\"inLanguage\":\"sv-SE\",\"potentialAction\":[{\"@type\":\"ReadAction\",\"target\":[\"https:\\\/\\\/schamansidan.se\\\/\"]}]},{\"@type\":\"ImageObject\",\"inLanguage\":\"sv-SE\",\"@id\":\"https:\\\/\\\/schamansidan.se\\\/#primaryimage\",\"url\":\"https:\\\/\\\/schamansidan.se\\\/wp-content\\\/uploads\\\/2024\\\/09\\\/schamansidan_logga.png\",\"contentUrl\":\"https:\\\/\\\/schamansidan.se\\\/wp-content\\\/uploads\\\/2024\\\/09\\\/schamansidan_logga.png\",\"width\":418,\"height\":131,\"caption\":\"Schamansidan\"},{\"@type\":\"BreadcrumbList\",\"@id\":\"https:\\\/\\\/schamansidan.se\\\/#breadcrumb\",\"itemListElement\":[{\"@type\":\"ListItem\",\"position\":1,\"name\":\"Home\",\"item\":\"https:\\\/\\\/schamansidan.se\\\/\"},{\"@type\":\"ListItem\",\"position\":2,\"name\":\"V\u00e4lkommen till Schamansidan\"}]},{\"@type\":\"WebSite\",\"@id\":\"https:\\\/\\\/schamansidan.se\\\/#website\",\"url\":\"https:\\\/\\\/schamansidan.se\\\/\",\"name\":\"Schamansidan\",\"description\":\"Schamansk Healing och Energimedicin\",\"publisher\":{\"@id\":\"https:\\\/\\\/schamansidan.se\\\/#organization\"},\"alternateName\":\"Shamansidan\",\"potentialAction\":[{\"@type\":\"SearchAction\",\"target\":{\"@type\":\"EntryPoint\",\"urlTemplate\":\"https:\\\/\\\/schamansidan.se\\\/?s={search_term_string}\"},\"query-input\":{\"@type\":\"PropertyValueSpecification\",\"valueRequired\":true,\"valueName\":\"search_term_string\"}}],\"inLanguage\":\"sv-SE\"},{\"@type\":\"Organization\",\"@id\":\"https:\\\/\\\/schamansidan.se\\\/#organization\",\"name\":\"Schamansidan - shamansk healing, shamansk energimedicin\",\"alternateName\":\"Shamansidan\",\"url\":\"https:\\\/\\\/schamansidan.se\\\/\",\"logo\":{\"@type\":\"ImageObject\",\"inLanguage\":\"sv-SE\",\"@id\":\"https:\\\/\\\/schamansidan.se\\\/#\\\/schema\\\/logo\\\/image\\\/\",\"url\":\"https:\\\/\\\/schamansidan.se\\\/wp-content\\\/uploads\\\/2024\\\/09\\\/cropped-schamansidan_logga.png\",\"contentUrl\":\"https:\\\/\\\/schamansidan.se\\\/wp-content\\\/uploads\\\/2024\\\/09\\\/cropped-schamansidan_logga.png\",\"width\":417,\"height\":131,\"caption\":\"Schamansidan - shamansk healing, shamansk energimedicin\"},\"image\":{\"@id\":\"https:\\\/\\\/schamansidan.se\\\/#\\\/schema\\\/logo\\\/image\\\/\"}}]}<\/script>\n<!-- \/ Yoast SEO plugin. -->","yoast_head_json":{"title":"V\u00e4lkommen till Schamansidan - Schamansidan","description":"Vi erbjuder Schamansk Healing och Energimedicin enligt Inka-traditionen samt schamanska ceremonier, aktuella event och schamanskt hantverk. Vi finns i Stockholm och i R\u00e4ttvik.","robots":{"index":"index","follow":"follow","max-snippet":"max-snippet:-1","max-image-preview":"max-image-preview:large","max-video-preview":"max-video-preview:-1"},"canonical":"https:\/\/schamansidan.se\/","og_locale":"sv_SE","og_type":"article","og_title":"V\u00e4lkommen till Schamansidan - Schamansidan","og_description":"Vi erbjuder Schamansk Healing och Energimedicin enligt Inka-traditionen samt schamanska ceremonier, aktuella event och schamanskt hantverk. Vi finns i Stockholm och i R\u00e4ttvik.","og_url":"https:\/\/schamansidan.se\/","og_site_name":"Schamansidan","article_modified_time":"2025-03-07T09:15:50+00:00","og_image":[{"url":"http:\/\/schamansidan.se\/wp-content\/uploads\/2024\/09\/schamansidan_logga.png","type":"","width":"","height":""}],"twitter_card":"summary_large_image","twitter_misc":{"Ber\u00e4knad l\u00e4stid":"1 minut"},"schema":{"@context":"https:\/\/schema.org","@graph":[{"@type":"WebPage","@id":"https:\/\/schamansidan.se\/","url":"https:\/\/schamansidan.se\/","name":"V\u00e4lkommen till Schamansidan - Schamansidan","isPartOf":{"@id":"https:\/\/schamansidan.se\/#website"},"primaryImageOfPage":{"@id":"https:\/\/schamansidan.se\/#primaryimage"},"image":{"@id":"https:\/\/schamansidan.se\/#primaryimage"},"thumbnailUrl":"http:\/\/schamansidan.se\/wp-content\/uploads\/2024\/09\/schamansidan_logga.png","datePublished":"2024-09-01T12:00:49+00:00","dateModified":"2025-03-07T09:15:50+00:00","description":"Vi erbjuder Schamansk Healing och Energimedicin enligt Inka-traditionen samt schamanska ceremonier, aktuella event och schamanskt hantverk. Vi finns i Stockholm och i R\u00e4ttvik.","breadcrumb":{"@id":"https:\/\/schamansidan.se\/#breadcrumb"},"inLanguage":"sv-SE","potentialAction":[{"@type":"ReadAction","target":["https:\/\/schamansidan.se\/"]}]},{"@type":"ImageObject","inLanguage":"sv-SE","@id":"https:\/\/schamansidan.se\/#primaryimage","url":"https:\/\/schamansidan.se\/wp-content\/uploads\/2024\/09\/schamansidan_logga.png","contentUrl":"https:\/\/schamansidan.se\/wp-content\/uploads\/2024\/09\/schamansidan_logga.png","width":418,"height":131,"caption":"Schamansidan"},{"@type":"BreadcrumbList","@id":"https:\/\/schamansidan.se\/#breadcrumb","itemListElement":[{"@type":"ListItem","position":1,"name":"Home","item":"https:\/\/schamansidan.se\/"},{"@type":"ListItem","position":2,"name":"V\u00e4lkommen till Schamansidan"}]},{"@type":"WebSite","@id":"https:\/\/schamansidan.se\/#website","url":"https:\/\/schamansidan.se\/","name":"Schamansidan","description":"Schamansk Healing och Energimedicin","publisher":{"@id":"https:\/\/schamansidan.se\/#organization"},"alternateName":"Shamansidan","potentialAction":[{"@type":"SearchAction","target":{"@type":"EntryPoint","urlTemplate":"https:\/\/schamansidan.se\/?s={search_term_string}"},"query-input":{"@type":"PropertyValueSpecification","valueRequired":true,"valueName":"search_term_string"}}],"inLanguage":"sv-SE"},{"@type":"Organization","@id":"https:\/\/schamansidan.se\/#organization","name":"Schamansidan - shamansk healing, shamansk energimedicin","alternateName":"Shamansidan","url":"https:\/\/schamansidan.se\/","logo":{"@type":"ImageObject","inLanguage":"sv-SE","@id":"https:\/\/schamansidan.se\/#\/schema\/logo\/image\/","url":"https:\/\/schamansidan.se\/wp-content\/uploads\/2024\/09\/cropped-schamansidan_logga.png","contentUrl":"https:\/\/schamansidan.se\/wp-content\/uploads\/2024\/09\/cropped-schamansidan_logga.png","width":417,"height":131,"caption":"Schamansidan - shamansk healing, shamansk energimedicin"},"image":{"@id":"https:\/\/schamansidan.se\/#\/schema\/logo\/image\/"}}]}},"_links":{"self":[{"href":"https:\/\/schamansidan.se\/index.php?rest_route=\/wp\/v2\/pages\/5","targetHints":{"allow":["GET"]}}],"collection":[{"href":"https:\/\/schamansidan.se\/index.php?rest_route=\/wp\/v2\/pages"}],"about":[{"href":"https:\/\/schamansidan.se\/index.php?rest_route=\/wp\/v2\/types\/page"}],"author":[{"embeddable":true,"href":"https:\/\/schamansidan.se\/index.php?rest_route=\/wp\/v2\/users\/1"}],"replies":[{"embeddable":true,"href":"https:\/\/schamansidan.se\/index.php?rest_route=%2Fwp%2Fv2%2Fcomments&post=5"}],"version-history":[{"count":5,"href":"https:\/\/schamansidan.se\/index.php?rest_route=\/wp\/v2\/pages\/5\/revisions"}],"predecessor-version":[{"id":356,"href":"https:\/\/schamansidan.se\/index.php?rest_route=\/wp\/v2\/pages\/5\/revisions\/356"}],"wp:attachment":[{"href":"https:\/\/schamansidan.se\/index.php?rest_route=%2Fwp%2Fv2%2Fmedia&parent=5"}],"curies":[{"name":"wp","href":"https:\/\/api.w.org\/{rel}","templated":true}]}}